{"id":43572,"date":"2022-02-24T18:52:29","date_gmt":"2022-02-24T18:52:29","guid":{"rendered":"https:\/\/demo24.houzez.co\/?page_id=43572"},"modified":"2026-04-10T16:54:33","modified_gmt":"2026-04-10T16:54:33","slug":"careers","status":"publish","type":"page","link":"https:\/\/arturbin.es\/es\/careers\/","title":{"rendered":"Carreras"},"content":{"rendered":"<div data-elementor-type=\"wp-page\" data-elementor-id=\"43572\" class=\"elementor elementor-43572\" data-elementor-post-type=\"page\">\n\t\t\t\t<div class=\"elementor-element elementor-element-3fe8f13 e-flex e-con-boxed e-con e-parent\" data-id=\"3fe8f13\" data-element_type=\"container\" data-e-type=\"container\" data-settings=\"{&quot;background_background&quot;:&quot;classic&quot;}\">\n\t\t\t\t\t<div class=\"e-con-inner\">\n\t\t\t\t<div class=\"elementor-element elementor-element-3b7a009 breadcrumb elementor-widget elementor-widget-houzez-property-breadcrumb\" data-id=\"3b7a009\" data-element_type=\"widget\" data-e-type=\"widget\" data-widget_type=\"houzez-property-breadcrumb.default\">\n\t\t\t\t<div class=\"elementor-widget-container\">\n\t\t\t\t\t<div class=\"breadcrumb-wrap\"><ol class=\"breadcrumb\"><li class=\"breadcrumb-item breadcrumb-item-home\"><i class=\"houzez-icon icon-house\"><\/i><a href=\"https:\/\/arturbin.es\/es\/\">Inicio<\/a><\/li><li class=\"breadcrumb-item active\">P\u00e1ginas<\/li><\/ol><\/div>\t\t\t\t<\/div>\n\t\t\t\t<\/div>\n\t\t\t\t\t<\/div>\n\t\t\t\t<\/div>\n\t\t<div class=\"elementor-element elementor-element-6994ad4 e-flex e-con-boxed e-con e-parent\" data-id=\"6994ad4\" data-element_type=\"container\" data-e-type=\"container\" data-settings=\"{&quot;background_background&quot;:&quot;classic&quot;}\">\n\t\t\t\t\t<div class=\"e-con-inner\">\n\t\t\t\t<div class=\"elementor-element elementor-element-bae1755 elementor-widget__width-initial elementor-widget elementor-widget-heading\" data-id=\"bae1755\" data-element_type=\"widget\" data-e-type=\"widget\" data-widget_type=\"heading.default\">\n\t\t\t\t\t<h2 class=\"elementor-heading-title elementor-size-default\"> Trabaja en Valencia con Artur Bin Realty<\/h2>\t\t\t\t<\/div>\n\t\t<div class=\"elementor-element elementor-element-a748fae e-con-full e-flex e-con e-child\" data-id=\"a748fae\" data-element_type=\"container\" data-e-type=\"container\">\n\t\t\t\t<div class=\"elementor-element elementor-element-520ad69 elementor-widget elementor-widget-heading\" data-id=\"520ad69\" data-element_type=\"widget\" data-e-type=\"widget\" data-widget_type=\"heading.default\">\n\t\t\t\t\t<h2 class=\"elementor-heading-title elementor-size-default\">Introducci\u00f3n<\/h2>\t\t\t\t<\/div>\n\t\t\t\t<div class=\"elementor-element elementor-element-f571e00 elementor-widget-divider--view-line elementor-widget elementor-widget-divider\" data-id=\"f571e00\" data-element_type=\"widget\" data-e-type=\"widget\" data-widget_type=\"divider.default\">\n\t\t\t\t\t\t\t<div class=\"elementor-divider\">\n\t\t\t<span class=\"elementor-divider-separator\">\n\t\t\t\t\t\t<\/span>\n\t\t<\/div>\n\t\t\t\t\t\t<\/div>\n\t\t\t\t<div class=\"elementor-element elementor-element-580afff elementor-widget elementor-widget-heading\" data-id=\"580afff\" data-element_type=\"widget\" data-e-type=\"widget\" data-widget_type=\"heading.default\">\n\t\t\t\t\t<h2 class=\"elementor-heading-title elementor-size-default\">O creces aqu\u00ed \u2014 o te vas<\/h2>\t\t\t\t<\/div>\n\t\t\t\t<div class=\"elementor-element elementor-element-4da2afc elementor-widget__width-initial elementor-widget elementor-widget-text-editor\" data-id=\"4da2afc\" data-element_type=\"widget\" data-e-type=\"widget\" data-widget_type=\"text-editor.default\">\n\t\t\t\t\t\t\t\t\t<p><span style=\"font-weight: 400;\">No estamos construyendo solo una agencia \u2014 estamos creando un sistema donde las personas ambiciosas crecen y ganan.<\/span><\/p><p><span style=\"font-weight: 400;\">Artur Bin Realty opera en Espa\u00f1a (Valencia y Costa Blanca) y se expande al mercado de Dub\u00e1i.<\/span><\/p><p><span style=\"font-weight: 400;\">Buscamos personas que quieran:<\/span><\/p><ul><li style=\"font-weight: 400;\" aria-level=\"1\"><span style=\"font-weight: 400;\">crecer<\/span><\/li><li style=\"font-weight: 400;\" aria-level=\"1\"><span style=\"font-weight: 400;\">ganar bien<\/span><\/li><li style=\"font-weight: 400;\" aria-level=\"1\"><span style=\"font-weight: 400;\">formar parte de un equipo fuerte<\/span><\/li><\/ul><p><span style=\"font-weight: 400;\">Trabajar con nosotros requiere disciplina, responsabilidad y velocidad.<\/span><span style=\"font-weight: 400;\"><br \/><\/span><span style=\"font-weight: 400;\"> Pero ofrece oportunidades reales y resultados.<\/span><\/p>\t\t\t\t\t\t\t\t<\/div>\n\t\t\t\t<div class=\"elementor-element elementor-element-adc2cd7 elementor-widget elementor-widget-heading\" data-id=\"adc2cd7\" data-element_type=\"widget\" data-e-type=\"widget\" data-widget_type=\"heading.default\">\n\t\t\t\t\t<h2 class=\"elementor-heading-title elementor-size-default\">Nuestros valores<\/h2>\t\t\t\t<\/div>\n\t\t\t\t<div class=\"elementor-element elementor-element-afaa909 elementor-widget elementor-widget-text-editor\" data-id=\"afaa909\" data-element_type=\"widget\" data-e-type=\"widget\" data-widget_type=\"text-editor.default\">\n\t\t\t\t\t\t\t\t\t<p><b>Resultados:<\/b><span style=\"font-weight: 400;\"> medimos resultados, no esfuerzo<\/span><span style=\"font-weight: 400;\"><br \/><\/span> <b>Responsabilidad:<\/b><span style=\"font-weight: 400;\"> cada uno responde por su trabajo<\/span><span style=\"font-weight: 400;\"><br \/><\/span> <b>Crecimiento:<\/b><span style=\"font-weight: 400;\"> aprendizaje constante<\/span><span style=\"font-weight: 400;\"><br \/><\/span> <b>Iniciativa:<\/b><span style=\"font-weight: 400;\"> valoramos la acci\u00f3n<\/span><span style=\"font-weight: 400;\"><br \/><\/span> <b>Equipo:<\/b><span style=\"font-weight: 400;\"> el \u00e9xito se construye juntos<\/span><\/p>\t\t\t\t\t\t\t\t<\/div>\n\t\t\t\t<\/div>\n\t\t\t\t\t<\/div>\n\t\t\t\t<\/div>\n\t\t<div class=\"elementor-element elementor-element-246da8b e-flex e-con-boxed e-con e-parent\" data-id=\"246da8b\" data-element_type=\"container\" data-e-type=\"container\" data-settings=\"{&quot;background_background&quot;:&quot;classic&quot;}\">\n\t\t\t\t\t<div class=\"e-con-inner\">\n\t\t<div class=\"elementor-element elementor-element-9c6812b e-con-full e-flex e-con e-child\" data-id=\"9c6812b\" data-element_type=\"container\" data-e-type=\"container\" data-settings=\"{&quot;background_background&quot;:&quot;classic&quot;}\">\n\t\t<div class=\"elementor-element elementor-element-298c952 e-con-full e-flex e-con e-child\" data-id=\"298c952\" data-element_type=\"container\" data-e-type=\"container\">\n\t\t\t\t<div class=\"elementor-element elementor-element-4ff501f elementor-widget__width-initial elementor-widget elementor-widget-heading\" data-id=\"4ff501f\" data-element_type=\"widget\" data-e-type=\"widget\" data-widget_type=\"heading.default\">\n\t\t\t\t\t<h2 class=\"elementor-heading-title elementor-size-default\">Agente inmobiliario<\/h2>\t\t\t\t<\/div>\n\t\t\t\t<div class=\"elementor-element elementor-element-499c565 elementor-mobile-align-left elementor-hidden-mobile elementor-widget elementor-widget-button\" data-id=\"499c565\" data-element_type=\"widget\" data-e-type=\"widget\" data-widget_type=\"button.default\">\n\t\t\t\t\t\t\t\t\t\t<a class=\"elementor-button elementor-button-link elementor-size-sm\" href=\"#\">\n\t\t\t\t\t\t<span class=\"elementor-button-content-wrapper\">\n\t\t\t\t\t\t\t\t\t<span class=\"elementor-button-text\">aplica aqu\u00ed<\/span>\n\t\t\t\t\t<\/span>\n\t\t\t\t\t<\/a>\n\t\t\t\t\t\t\t\t<\/div>\n\t\t\t\t<\/div>\n\t\t\t\t<div class=\"elementor-element elementor-element-1946503 elementor-widget__width-initial elementor-widget elementor-widget-text-editor\" data-id=\"1946503\" data-element_type=\"widget\" data-e-type=\"widget\" data-widget_type=\"text-editor.default\">\n\t\t\t\t\t\t\t\t\t<p><span style=\"font-weight: 400;\">Hay dos formas de unirse:<\/span><\/p><ol><li><b> Sin experiencia<\/b><b><br \/><\/b><span style=\"font-weight: 400;\"> Si tienes ambici\u00f3n, te formamos desde cero.<\/span><span style=\"font-weight: 400;\"><br \/><\/span><span style=\"font-weight: 400;\"> Aprender\u00e1s:<\/span><\/li><\/ol><ul><li style=\"font-weight: 400;\" aria-level=\"1\"><span style=\"font-weight: 400;\">ventas<\/span><\/li><li style=\"font-weight: 400;\" aria-level=\"1\"><span style=\"font-weight: 400;\">negociaci\u00f3n<\/span><\/li><li style=\"font-weight: 400;\" aria-level=\"1\"><span style=\"font-weight: 400;\">mercado inmobiliario<\/span><\/li><li style=\"font-weight: 400;\" aria-level=\"1\"><span style=\"font-weight: 400;\">comercializaci\u00f3n<\/span><\/li><\/ul><p><span style=\"font-weight: 400;\">Con el potencial de altos ingresos.<\/span><\/p><ol start=\"2\"><li><b> Con experiencia<\/b><b><br \/><\/b><span style=\"font-weight: 400;\"> Puedes empezar directamente con clientes.<\/span><\/li><\/ol><p><span style=\"font-weight: 400;\">Esperamos resultados y compromiso.<\/span><\/p><ul><li style=\"font-weight: 400;\" aria-level=\"1\"><span style=\"font-weight: 400;\">resultados r\u00e1pidos<\/span><\/li><li style=\"font-weight: 400;\" aria-level=\"1\"><span style=\"font-weight: 400;\">adaptaci\u00f3n a nuestros est\u00e1ndares<\/span><\/li><li style=\"font-weight: 400;\" aria-level=\"1\"><span style=\"font-weight: 400;\">adaptaci\u00f3n a nuestros est\u00e1ndares<\/span><\/li><\/ul><p><span style=\"font-weight: 400;\">Ofrecemos ingresos altos y crecimiento.<\/span><\/p>\t\t\t\t\t\t\t\t<\/div>\n\t\t\t\t<div class=\"elementor-element elementor-element-866e93a elementor-mobile-align-justify elementor-widget-mobile__width-initial elementor-hidden-desktop elementor-hidden-tablet elementor-widget elementor-widget-button\" data-id=\"866e93a\" data-element_type=\"widget\" data-e-type=\"widget\" data-widget_type=\"button.default\">\n\t\t\t\t\t\t\t\t\t\t<a class=\"elementor-button elementor-button-link elementor-size-sm\" href=\"#\">\n\t\t\t\t\t\t<span class=\"elementor-button-content-wrapper\">\n\t\t\t\t\t\t\t\t\t<span class=\"elementor-button-text\">aplica aqu\u00ed<\/span>\n\t\t\t\t\t<\/span>\n\t\t\t\t\t<\/a>\n\t\t\t\t\t\t\t\t<\/div>\n\t\t\t\t<\/div>\n\t\t\t\t\t<\/div>\n\t\t\t\t<\/div>\n\t\t<div class=\"elementor-element elementor-element-2a019ce e-flex e-con-boxed e-con e-parent\" data-id=\"2a019ce\" data-element_type=\"container\" data-e-type=\"container\" data-settings=\"{&quot;background_background&quot;:&quot;classic&quot;}\">\n\t\t\t\t\t<div class=\"e-con-inner\">\n\t\t<div class=\"elementor-element elementor-element-f673511 e-con-full e-flex e-con e-child\" data-id=\"f673511\" data-element_type=\"container\" data-e-type=\"container\" data-settings=\"{&quot;background_background&quot;:&quot;classic&quot;}\">\n\t\t<div class=\"elementor-element elementor-element-3acf1bc e-con-full e-flex e-con e-child\" data-id=\"3acf1bc\" data-element_type=\"container\" data-e-type=\"container\">\n\t\t\t\t<div class=\"elementor-element elementor-element-5d174d2 elementor-widget__width-initial elementor-widget elementor-widget-heading\" data-id=\"5d174d2\" data-element_type=\"widget\" data-e-type=\"widget\" data-widget_type=\"heading.default\">\n\t\t\t\t\t<h2 class=\"elementor-heading-title elementor-size-default\">Asistente de Gesti\u00f3n<\/h2>\t\t\t\t<\/div>\n\t\t\t\t<div class=\"elementor-element elementor-element-5fe2507 elementor-mobile-align-left elementor-hidden-mobile elementor-widget elementor-widget-button\" data-id=\"5fe2507\" data-element_type=\"widget\" data-e-type=\"widget\" data-widget_type=\"button.default\">\n\t\t\t\t\t\t\t\t\t\t<a class=\"elementor-button elementor-button-link elementor-size-sm\" href=\"#\">\n\t\t\t\t\t\t<span class=\"elementor-button-content-wrapper\">\n\t\t\t\t\t\t\t\t\t<span class=\"elementor-button-text\">aplica aqu\u00ed<\/span>\n\t\t\t\t\t<\/span>\n\t\t\t\t\t<\/a>\n\t\t\t\t\t\t\t\t<\/div>\n\t\t\t\t<\/div>\n\t\t\t\t<div class=\"elementor-element elementor-element-b0e24d6 elementor-widget__width-initial elementor-widget elementor-widget-text-editor\" data-id=\"b0e24d6\" data-element_type=\"widget\" data-e-type=\"widget\" data-widget_type=\"text-editor.default\">\n\t\t\t\t\t\t\t\t\t<p>Detr\u00e1s de cada empresa exitosa se encuentra una ejecuci\u00f3n impecable, y este rol se trata de hacer que las cosas sucedan.<br \/><br \/>Como un Asistente de Administraci\u00f3n en Arthur Bin de bienes Ra\u00edces, usted trabajar\u00e1 directamente con el equipo de liderazgo, el apoyo a iniciativas estrat\u00e9gicas, asegurando la perfecta coordinaci\u00f3n entre los departamentos, y la conducci\u00f3n de proyectos con precisi\u00f3n y eficiencia.<br \/><br \/>Esta posici\u00f3n exige disciplina, organizaci\u00f3n y una mentalidad proactiva. Desempe\u00f1ar\u00e1s un papel clave en el mantenimiento de la estructura, asegurando el seguimiento de las decisiones cr\u00edticas y ayudando a la empresa a operar al m\u00e1s alto nivel.<br \/>Si prospera bajo la responsabilidad, disfruta de la resoluci\u00f3n de problemas y desea trabajar cerca del liderazgo en un entorno acelerado y de alto rendimiento, este es el lugar para usted.<\/p>\t\t\t\t\t\t\t\t<\/div>\n\t\t\t\t<div class=\"elementor-element elementor-element-7023e93 elementor-mobile-align-justify elementor-widget-mobile__width-initial elementor-hidden-desktop elementor-hidden-tablet elementor-widget elementor-widget-button\" data-id=\"7023e93\" data-element_type=\"widget\" data-e-type=\"widget\" data-widget_type=\"button.default\">\n\t\t\t\t\t\t\t\t\t\t<a class=\"elementor-button elementor-button-link elementor-size-sm\" href=\"#\">\n\t\t\t\t\t\t<span class=\"elementor-button-content-wrapper\">\n\t\t\t\t\t\t\t\t\t<span class=\"elementor-button-text\">aplica aqu\u00ed<\/span>\n\t\t\t\t\t<\/span>\n\t\t\t\t\t<\/a>\n\t\t\t\t\t\t\t\t<\/div>\n\t\t\t\t<\/div>\n\t\t\t\t\t<\/div>\n\t\t\t\t<\/div>\n\t\t<div class=\"elementor-element elementor-element-b081d0b e-flex e-con-boxed e-con e-parent\" data-id=\"b081d0b\" data-element_type=\"container\" data-e-type=\"container\" data-settings=\"{&quot;background_background&quot;:&quot;classic&quot;}\">\n\t\t\t\t\t<div class=\"e-con-inner\">\n\t\t<div class=\"elementor-element elementor-element-451a29f e-con-full e-flex e-con e-child\" data-id=\"451a29f\" data-element_type=\"container\" data-e-type=\"container\" data-settings=\"{&quot;background_background&quot;:&quot;classic&quot;}\">\n\t\t<div class=\"elementor-element elementor-element-09dfd5f e-con-full e-flex e-con e-child\" data-id=\"09dfd5f\" data-element_type=\"container\" data-e-type=\"container\">\n\t\t\t\t<div class=\"elementor-element elementor-element-edbab74 elementor-widget__width-initial elementor-widget elementor-widget-heading\" data-id=\"edbab74\" data-element_type=\"widget\" data-e-type=\"widget\" data-widget_type=\"heading.default\">\n\t\t\t\t\t<h2 class=\"elementor-heading-title elementor-size-default\">Desarrollador Full-Stack con Experiencia en DevOps<\/h2>\t\t\t\t<\/div>\n\t\t\t\t<div class=\"elementor-element elementor-element-1a9051f elementor-mobile-align-left elementor-hidden-mobile elementor-widget elementor-widget-button\" data-id=\"1a9051f\" data-element_type=\"widget\" data-e-type=\"widget\" data-widget_type=\"button.default\">\n\t\t\t\t\t\t\t\t\t\t<a class=\"elementor-button elementor-button-link elementor-size-sm\" href=\"#\">\n\t\t\t\t\t\t<span class=\"elementor-button-content-wrapper\">\n\t\t\t\t\t\t\t\t\t<span class=\"elementor-button-text\">aplica aqu\u00ed<\/span>\n\t\t\t\t\t<\/span>\n\t\t\t\t\t<\/a>\n\t\t\t\t\t\t\t\t<\/div>\n\t\t\t\t<\/div>\n\t\t\t\t<div class=\"elementor-element elementor-element-d06cf04 elementor-widget__width-initial elementor-widget elementor-widget-text-editor\" data-id=\"d06cf04\" data-element_type=\"widget\" data-e-type=\"widget\" data-widget_type=\"text-editor.default\">\n\t\t\t\t\t\t\t\t\t<p>En Arthur Bin Real Estate, la innovaci\u00f3n est\u00e1 en el coraz\u00f3n de todo lo que hacemos. Estamos desarrollando avanzado <br \/><br \/>Como desarrollador Full-Stack, trabajar\u00e1 en front-end, back-end e infraestructura, ayud\u00e1ndonos a construir sistemas eficientes, automatizar procesos e integrar soluciones impulsadas por IA que mejoren todos los aspectos de nuestras operaciones.<br \/><br \/>Debe tener s\u00f3lidas habilidades de desarrollo en JavaScript \/ TypeScript, React y Node.js, una mentalidad s\u00f3lida de DevOps (CI \/ CD, implementaci\u00f3n en la nube, monitoreo) y al menos 2 a\u00f1os de experiencia completa. La experiencia en an\u00e1lisis de datos, integraciones de IA o herramientas de automatizaci\u00f3n se considerar\u00e1 una gran ventaja.<br \/><br \/>Si te apasiona la tecnolog\u00eda, la resoluci\u00f3n de problemas y la creaci\u00f3n de sistemas inteligentes y escalables, este puesto te dar\u00e1 la oportunidad de dar forma al futuro digital de una de las inmobiliarias l\u00edderes de Valencia.<\/p>\t\t\t\t\t\t\t\t<\/div>\n\t\t\t\t<div class=\"elementor-element elementor-element-877c889 elementor-mobile-align-justify elementor-widget-mobile__width-initial elementor-hidden-desktop elementor-hidden-tablet elementor-widget elementor-widget-button\" data-id=\"877c889\" data-element_type=\"widget\" data-e-type=\"widget\" data-widget_type=\"button.default\">\n\t\t\t\t\t\t\t\t\t\t<a class=\"elementor-button elementor-button-link elementor-size-sm\" href=\"#\">\n\t\t\t\t\t\t<span class=\"elementor-button-content-wrapper\">\n\t\t\t\t\t\t\t\t\t<span class=\"elementor-button-text\">aplica aqu\u00ed<\/span>\n\t\t\t\t\t<\/span>\n\t\t\t\t\t<\/a>\n\t\t\t\t\t\t\t\t<\/div>\n\t\t\t\t<\/div>\n\t\t\t\t\t<\/div>\n\t\t\t\t<\/div>\n\t\t<div class=\"elementor-element elementor-element-e7895e8 e-flex e-con-boxed e-con e-parent\" data-id=\"e7895e8\" data-element_type=\"container\" data-e-type=\"container\" data-settings=\"{&quot;background_background&quot;:&quot;classic&quot;}\">\n\t\t\t\t\t<div class=\"e-con-inner\">\n\t\t\t\t<div class=\"elementor-element elementor-element-821c786 elementor-widget__width-initial elementor-widget elementor-widget-text-editor\" data-id=\"821c786\" data-element_type=\"widget\" data-e-type=\"widget\" data-widget_type=\"text-editor.default\">\n\t\t\t\t\t\t\t\t\t<p style=\"text-align: left;\"><strong>\u00bfNo Ves Tu Papel?<\/strong><br \/>Siempre buscamos talento.<br \/>Si crees que puedes aportar valor \u2014 cont\u00e1ctanos.<\/p>\t\t\t\t\t\t\t\t<\/div>\n\t\t\t\t\t<\/div>\n\t\t\t\t<\/div>\n\t\t\t\t<\/div>","protected":false},"excerpt":{"rendered":"<p>Jobs in Valencia \u2014 Work with Artur Bin Realty You\u2019ll either grow here \u2014 or you\u2019ll leave Why Join Arthur Bin We\u2019re not just building a real estate company \u2014 we\u2019re building a system where ambitious people grow and earn. Artur Bin Realty operates in Spain (Valencia and Costa Blanca) and is expanding into the [&hellip;]<\/p>\n","protected":false},"author":1,"featured_media":0,"parent":0,"menu_order":0,"comment_status":"closed","ping_status":"closed","template":"elementor_header_footer","meta":{"_acf_changed":false,"footnotes":""},"class_list":["post-43572","page","type-page","status-publish","hentry"],"acf":[],"_links":{"self":[{"href":"https:\/\/arturbin.es\/es\/wp-json\/wp\/v2\/pages\/43572","targetHints":{"allow":["GET"]}}],"collection":[{"href":"https:\/\/arturbin.es\/es\/wp-json\/wp\/v2\/pages"}],"about":[{"href":"https:\/\/arturbin.es\/es\/wp-json\/wp\/v2\/types\/page"}],"author":[{"embeddable":true,"href":"https:\/\/arturbin.es\/es\/wp-json\/wp\/v2\/users\/1"}],"replies":[{"embeddable":true,"href":"https:\/\/arturbin.es\/es\/wp-json\/wp\/v2\/comments?post=43572"}],"version-history":[{"count":13,"href":"https:\/\/arturbin.es\/es\/wp-json\/wp\/v2\/pages\/43572\/revisions"}],"predecessor-version":[{"id":53149,"href":"https:\/\/arturbin.es\/es\/wp-json\/wp\/v2\/pages\/43572\/revisions\/53149"}],"wp:attachment":[{"href":"https:\/\/arturbin.es\/es\/wp-json\/wp\/v2\/media?parent=43572"}],"curies":[{"name":"wp","href":"https:\/\/api.w.org\/{rel}","templated":true}]}}