{"id":51888,"date":"2025-12-14T22:10:29","date_gmt":"2025-12-14T22:10:29","guid":{"rendered":"https:\/\/arturbin.es\/?page_id=51888"},"modified":"2026-04-18T17:51:40","modified_gmt":"2026-04-18T17:51:40","slug":"history","status":"publish","type":"page","link":"https:\/\/arturbin.es\/es\/history\/","title":{"rendered":"History"},"content":{"rendered":"<div data-elementor-type=\"wp-page\" data-elementor-id=\"51888\" class=\"elementor elementor-51888\" data-elementor-post-type=\"page\">\n\t\t\t\t<div class=\"elementor-element elementor-element-f10e8b8 e-flex e-con-boxed e-con e-parent\" data-id=\"f10e8b8\" data-element_type=\"container\" data-e-type=\"container\" data-settings=\"{&quot;background_background&quot;:&quot;classic&quot;}\">\n\t\t\t\t\t<div class=\"e-con-inner\">\n\t\t\t\t<div class=\"elementor-element elementor-element-6377086 breadcrumb elementor-widget elementor-widget-houzez-property-breadcrumb\" data-id=\"6377086\" data-element_type=\"widget\" data-e-type=\"widget\" data-widget_type=\"houzez-property-breadcrumb.default\">\n\t\t\t\t<div class=\"elementor-widget-container\">\n\t\t\t\t\t<div class=\"breadcrumb-wrap\"><ol class=\"breadcrumb\"><li class=\"breadcrumb-item breadcrumb-item-home\"><i class=\"houzez-icon icon-house\"><\/i><a href=\"https:\/\/arturbin.es\/es\/\">Inicio<\/a><\/li><li class=\"breadcrumb-item active\">P\u00e1ginas<\/li><\/ol><\/div>\t\t\t\t<\/div>\n\t\t\t\t<\/div>\n\t\t\t\t\t<\/div>\n\t\t\t\t<\/div>\n\t\t<div class=\"elementor-element elementor-element-ea19ab6 e-flex e-con-boxed e-con e-parent\" data-id=\"ea19ab6\" data-element_type=\"container\" data-e-type=\"container\" data-settings=\"{&quot;background_background&quot;:&quot;classic&quot;}\">\n\t\t\t\t\t<div class=\"e-con-inner\">\n\t\t<div class=\"elementor-element elementor-element-70dae48 e-con-full e-flex e-con e-child\" data-id=\"70dae48\" data-element_type=\"container\" data-e-type=\"container\">\n\t\t<div class=\"elementor-element elementor-element-0b52f52 e-con-full e-flex e-con e-child\" data-id=\"0b52f52\" data-element_type=\"container\" data-e-type=\"container\">\n\t\t\t\t<div class=\"elementor-element elementor-element-bd299d8 elementor-widget__width-initial elementor-widget elementor-widget-heading\" data-id=\"bd299d8\" data-element_type=\"widget\" data-e-type=\"widget\" data-widget_type=\"heading.default\">\n\t\t\t\t\t<h2 class=\"elementor-heading-title elementor-size-default\">Introducci\u00f3n<\/h2>\t\t\t\t<\/div>\n\t\t\t\t<div class=\"elementor-element elementor-element-0c01a97 elementor-mobile-align-justify elementor-widget elementor-widget-button\" data-id=\"0c01a97\" data-element_type=\"widget\" data-e-type=\"widget\" data-widget_type=\"button.default\">\n\t\t\t\t\t\t\t\t\t\t<a class=\"elementor-button elementor-button-link elementor-size-sm\" href=\"https:\/\/arturbin.es\/es\/about-artur-bin\/\">\n\t\t\t\t\t\t<span class=\"elementor-button-content-wrapper\">\n\t\t\t\t\t\t\t\t\t<span class=\"elementor-button-text\">Historia de Artur Bin Realty<\/span>\n\t\t\t\t\t<\/span>\n\t\t\t\t\t<\/a>\n\t\t\t\t\t\t\t\t<\/div>\n\t\t\t\t<\/div>\n\t\t\t\t<div class=\"elementor-element elementor-element-5287e9c elementor-widget elementor-widget-text-editor\" data-id=\"5287e9c\" data-element_type=\"widget\" data-e-type=\"widget\" data-widget_type=\"text-editor.default\">\n\t\t\t\t\t\t\t\t\t<p><span style=\"font-weight: 400;\">Artur Bin Realty fue fundada en Valencia como una agencia enfocada en resultados y relaciones a largo plazo con los clientes.<\/span><\/p><p><span style=\"font-weight: 400;\">Desde el inicio, la empresa creci\u00f3 a trav\u00e9s de operaciones reales, experiencia pr\u00e1ctica y un profundo conocimiento del mercado.<\/span><\/p><p><span style=\"font-weight: 400;\">Adapt\u00e1ndose a un entorno cambiante, la empresa fortaleci\u00f3 su posici\u00f3n centr\u00e1ndose en la calidad del servicio, oportunidades de inversi\u00f3n y clientes internacionales.<\/span><\/p><p><span style=\"font-weight: 400;\">Hoy opera en Espa\u00f1a (Valencia y Costa Blanca) y se expande al mercado de Dub\u00e1i.<\/span><\/p>\t\t\t\t\t\t\t\t<\/div>\n\t\t\t\t<\/div>\n\t\t\t\t<div class=\"elementor-element elementor-element-07a7f4b elementor-widget__width-initial elementor-hidden-mobile elementor-widget elementor-widget-image\" data-id=\"07a7f4b\" data-element_type=\"widget\" data-e-type=\"widget\" data-widget_type=\"image.default\">\n\t\t\t\t\t\t\t\t\t\t\t\t\t\t\t<img fetchpriority=\"high\" decoding=\"async\" width=\"1024\" height=\"681\" src=\"https:\/\/arturbin.es\/wp-content\/uploads\/2025\/11\/artur-bin-1024x681.jpg\" class=\"attachment-large size-large wp-image-8169\" alt=\"\" srcset=\"https:\/\/arturbin.es\/wp-content\/uploads\/2025\/11\/artur-bin-1024x681.jpg 1024w, https:\/\/arturbin.es\/wp-content\/uploads\/2025\/11\/artur-bin-300x199.jpg 300w, https:\/\/arturbin.es\/wp-content\/uploads\/2025\/11\/artur-bin-768x511.jpg 768w, https:\/\/arturbin.es\/wp-content\/uploads\/2025\/11\/artur-bin.jpg 1516w\" sizes=\"(max-width: 1024px) 100vw, 1024px\" \/>\t\t\t\t\t\t\t\t\t\t\t\t\t\t\t<\/div>\n\t\t\t\t<div class=\"elementor-element elementor-element-0e656eb elementor-widget__width-initial elementor-hidden-desktop elementor-hidden-tablet elementor-widget elementor-widget-image\" data-id=\"0e656eb\" data-element_type=\"widget\" data-e-type=\"widget\" data-widget_type=\"image.default\">\n\t\t\t\t\t\t\t\t\t\t\t\t\t\t\t<img decoding=\"async\" width=\"343\" height=\"320\" src=\"https:\/\/arturbin.es\/wp-content\/uploads\/2025\/11\/artur-mobile.jpg\" class=\"attachment-large size-large wp-image-8183\" alt=\"Artur Bin\" srcset=\"https:\/\/arturbin.es\/wp-content\/uploads\/2025\/11\/artur-mobile.jpg 343w, https:\/\/arturbin.es\/wp-content\/uploads\/2025\/11\/artur-mobile-300x280.jpg 300w\" sizes=\"(max-width: 343px) 100vw, 343px\" \/>\t\t\t\t\t\t\t\t\t\t\t\t\t\t\t<\/div>\n\t\t\t\t\t<\/div>\n\t\t\t\t<\/div>\n\t\t<div class=\"elementor-element elementor-element-d9c7c61 e-flex e-con-boxed e-con e-parent\" data-id=\"d9c7c61\" data-element_type=\"container\" data-e-type=\"container\" data-settings=\"{&quot;background_background&quot;:&quot;classic&quot;}\">\n\t\t\t\t\t<div class=\"e-con-inner\">\n\t\t<div class=\"elementor-element elementor-element-40a0695 e-con-full e-flex e-con e-child\" data-id=\"40a0695\" data-element_type=\"container\" data-e-type=\"container\">\n\t\t<div class=\"elementor-element elementor-element-fd721ac e-con-full e-flex e-con e-child\" data-id=\"fd721ac\" data-element_type=\"container\" data-e-type=\"container\">\n\t\t\t\t<div class=\"elementor-element elementor-element-85ae847 elementor-widget__width-initial elementor-widget elementor-widget-heading\" data-id=\"85ae847\" data-element_type=\"widget\" data-e-type=\"widget\" data-widget_type=\"heading.default\">\n\t\t\t\t\t<h2 class=\"elementor-heading-title elementor-size-default\">El punto de crecimiento<\/h2>\t\t\t\t<\/div>\n\t\t\t\t<\/div>\n\t\t\t\t<div class=\"elementor-element elementor-element-7ee4089 elementor-widget elementor-widget-text-editor\" data-id=\"7ee4089\" data-element_type=\"widget\" data-e-type=\"widget\" data-widget_type=\"text-editor.default\">\n\t\t\t\t\t\t\t\t\t<p><span style=\"font-weight: 400;\">Un momento clave fue la implementaci\u00f3n del marketing moderno y un enfoque estructurado de ventas.<\/span><\/p><p><span style=\"font-weight: 400;\">El uso de herramientas digitales, v\u00eddeo y redes sociales permiti\u00f3 atraer clientes internacionales.<\/span><\/p><p><span style=\"font-weight: 400;\"><br><\/span><\/p>\t\t\t\t\t\t\t\t<\/div>\n\t\t\t\t<\/div>\n\t\t\t\t<div class=\"elementor-element elementor-element-2a38b7c elementor-widget__width-initial elementor-hidden-mobile elementor-widget elementor-widget-image\" data-id=\"2a38b7c\" data-element_type=\"widget\" data-e-type=\"widget\" data-widget_type=\"image.default\">\n\t\t\t\t\t\t\t\t\t\t\t\t\t\t\t<img decoding=\"async\" width=\"1024\" height=\"681\" src=\"https:\/\/arturbin.es\/wp-content\/uploads\/2025\/11\/about_artur_bin-1024x681.jpg\" class=\"attachment-large size-large wp-image-8143\" alt=\"\" srcset=\"https:\/\/arturbin.es\/wp-content\/uploads\/2025\/11\/about_artur_bin-1024x681.jpg 1024w, https:\/\/arturbin.es\/wp-content\/uploads\/2025\/11\/about_artur_bin-300x199.jpg 300w, https:\/\/arturbin.es\/wp-content\/uploads\/2025\/11\/about_artur_bin-768x511.jpg 768w, https:\/\/arturbin.es\/wp-content\/uploads\/2025\/11\/about_artur_bin.jpg 1516w\" sizes=\"(max-width: 1024px) 100vw, 1024px\" \/>\t\t\t\t\t\t\t\t\t\t\t\t\t\t\t<\/div>\n\t\t\t\t<div class=\"elementor-element elementor-element-da31831 elementor-widget__width-initial elementor-hidden-desktop elementor-hidden-tablet elementor-widget elementor-widget-image\" data-id=\"da31831\" data-element_type=\"widget\" data-e-type=\"widget\" data-widget_type=\"image.default\">\n\t\t\t\t\t\t\t\t\t\t\t\t\t\t\t<img decoding=\"async\" width=\"1024\" height=\"681\" src=\"https:\/\/arturbin.es\/wp-content\/uploads\/2025\/11\/about_artur_bin-1024x681.jpg\" class=\"attachment-large size-large wp-image-8143\" alt=\"\" srcset=\"https:\/\/arturbin.es\/wp-content\/uploads\/2025\/11\/about_artur_bin-1024x681.jpg 1024w, https:\/\/arturbin.es\/wp-content\/uploads\/2025\/11\/about_artur_bin-300x199.jpg 300w, https:\/\/arturbin.es\/wp-content\/uploads\/2025\/11\/about_artur_bin-768x511.jpg 768w, https:\/\/arturbin.es\/wp-content\/uploads\/2025\/11\/about_artur_bin.jpg 1516w\" sizes=\"(max-width: 1024px) 100vw, 1024px\" \/>\t\t\t\t\t\t\t\t\t\t\t\t\t\t\t<\/div>\n\t\t\t\t\t<\/div>\n\t\t\t\t<\/div>\n\t\t<div class=\"elementor-element elementor-element-dce0c5b e-flex e-con-boxed e-con e-parent\" data-id=\"dce0c5b\" data-element_type=\"container\" data-e-type=\"container\" data-settings=\"{&quot;background_background&quot;:&quot;classic&quot;}\">\n\t\t\t\t\t<div class=\"e-con-inner\">\n\t\t<div class=\"elementor-element elementor-element-36f97de e-con-full e-flex e-con e-child\" data-id=\"36f97de\" data-element_type=\"container\" data-e-type=\"container\">\n\t\t<div class=\"elementor-element elementor-element-81dfded e-con-full e-flex e-con e-child\" data-id=\"81dfded\" data-element_type=\"container\" data-e-type=\"container\">\n\t\t\t\t<div class=\"elementor-element elementor-element-ea489eb elementor-widget__width-initial elementor-widget elementor-widget-heading\" data-id=\"ea489eb\" data-element_type=\"widget\" data-e-type=\"widget\" data-widget_type=\"heading.default\">\n\t\t\t\t\t<h2 class=\"elementor-heading-title elementor-size-default\">Crecimiento y expansi\u00f3n\n<\/h2>\t\t\t\t<\/div>\n\t\t\t\t<\/div>\n\t\t\t\t<div class=\"elementor-element elementor-element-920420c elementor-widget elementor-widget-text-editor\" data-id=\"920420c\" data-element_type=\"widget\" data-e-type=\"widget\" data-widget_type=\"text-editor.default\">\n\t\t\t\t\t\t\t\t\t<p><span style=\"font-weight: 400;\">La empresa fortaleci\u00f3 su posici\u00f3n en Valencia desarrollando procesos, equipo y est\u00e1ndares.<\/span><\/p><p><span style=\"font-weight: 400;\">La atenci\u00f3n se centr\u00f3 en:\u00a0<\/span><\/p><ul><li><span style=\"font-weight: 400;\">calidad del servicio\u00a0<\/span><\/li><li><span style=\"font-weight: 400;\">velocidad de ejecuci\u00f3n<\/span><\/li><li><span style=\"font-weight: 400;\">clientes internacionales<\/span><\/li><\/ul><p><span style=\"font-weight: 400;\">Esto permiti\u00f3 expandirse hacia mercados internacionales, incluyendo Dub\u00e1i.<\/span><\/p>\t\t\t\t\t\t\t\t<\/div>\n\t\t\t\t<\/div>\n\t\t\t\t<div class=\"elementor-element elementor-element-8374221 elementor-widget__width-initial elementor-widget elementor-widget-image\" data-id=\"8374221\" data-element_type=\"widget\" data-e-type=\"widget\" data-widget_type=\"image.default\">\n\t\t\t\t\t\t\t\t\t\t\t\t\t\t\t<img loading=\"lazy\" decoding=\"async\" width=\"1024\" height=\"681\" src=\"https:\/\/arturbin.es\/wp-content\/uploads\/2025\/11\/Rectangle-293-1024x681.jpg\" class=\"attachment-large size-large wp-image-8162\" alt=\"\" srcset=\"https:\/\/arturbin.es\/wp-content\/uploads\/2025\/11\/Rectangle-293-1024x681.jpg 1024w, https:\/\/arturbin.es\/wp-content\/uploads\/2025\/11\/Rectangle-293-300x199.jpg 300w, https:\/\/arturbin.es\/wp-content\/uploads\/2025\/11\/Rectangle-293-768x511.jpg 768w, https:\/\/arturbin.es\/wp-content\/uploads\/2025\/11\/Rectangle-293.jpg 1516w\" sizes=\"(max-width: 1024px) 100vw, 1024px\" \/>\t\t\t\t\t\t\t\t\t\t\t\t\t\t\t<\/div>\n\t\t\t\t\t<\/div>\n\t\t\t\t<\/div>\n\t\t<div class=\"elementor-element elementor-element-7da3ca0 e-flex e-con-boxed e-con e-parent\" data-id=\"7da3ca0\" data-element_type=\"container\" data-e-type=\"container\" data-settings=\"{&quot;background_background&quot;:&quot;classic&quot;}\">\n\t\t\t\t\t<div class=\"e-con-inner\">\n\t\t<div class=\"elementor-element elementor-element-19e75cf e-con-full e-flex e-con e-child\" data-id=\"19e75cf\" data-element_type=\"container\" data-e-type=\"container\">\n\t\t<div class=\"elementor-element elementor-element-f45ab32 e-con-full e-flex e-con e-child\" data-id=\"f45ab32\" data-element_type=\"container\" data-e-type=\"container\">\n\t\t\t\t<div class=\"elementor-element elementor-element-24d7ff9 elementor-widget__width-initial elementor-widget elementor-widget-heading\" data-id=\"24d7ff9\" data-element_type=\"widget\" data-e-type=\"widget\" data-widget_type=\"heading.default\">\n\t\t\t\t\t<h2 class=\"elementor-heading-title elementor-size-default\">Esto es solo el comienzo<\/h2>\t\t\t\t<\/div>\n\t\t\t\t<div class=\"elementor-element elementor-element-57f6d50 elementor-mobile-align-justify elementor-widget elementor-widget-button\" data-id=\"57f6d50\" data-element_type=\"widget\" data-e-type=\"widget\" data-widget_type=\"button.default\">\n\t\t\t\t\t\t\t\t\t\t<a class=\"elementor-button elementor-button-link elementor-size-sm\" href=\"https:\/\/arturbin.es\/es\/about-artur-bin\/\">\n\t\t\t\t\t\t<span class=\"elementor-button-content-wrapper\">\n\t\t\t\t\t\t\t\t\t<span class=\"elementor-button-text\">oficina de bienes ra\u00edces de Arthur Bean<\/span>\n\t\t\t\t\t<\/span>\n\t\t\t\t\t<\/a>\n\t\t\t\t\t\t\t\t<\/div>\n\t\t\t\t<\/div>\n\t\t\t\t<div class=\"elementor-element elementor-element-2bff58b elementor-widget elementor-widget-text-editor\" data-id=\"2bff58b\" data-element_type=\"widget\" data-e-type=\"widget\" data-widget_type=\"text-editor.default\">\n\t\t\t\t\t\t\t\t\t<p><span style=\"font-weight: 400;\">La empresa sigue creciendo, ampliando su equipo y entrando en nuevos mercados.<\/span><\/p><p><span style=\"font-weight: 400;\">El objetivo es construir una marca internacional fuerte en el sector inmobiliario.<\/span><\/p><p><span style=\"font-weight: 400;\"><br><\/span><\/p>\t\t\t\t\t\t\t\t<\/div>\n\t\t\t\t<\/div>\n\t\t\t\t<div class=\"elementor-element elementor-element-ddbaafb elementor-widget__width-initial elementor-hidden-mobile elementor-widget elementor-widget-image\" data-id=\"ddbaafb\" data-element_type=\"widget\" data-e-type=\"widget\" data-widget_type=\"image.default\">\n\t\t\t\t\t\t\t\t\t\t\t\t\t\t\t<img loading=\"lazy\" decoding=\"async\" width=\"1024\" height=\"502\" src=\"https:\/\/arturbin.es\/wp-content\/uploads\/2025\/11\/AB-HQ-scaled.jpg\" class=\"attachment-large size-large wp-image-47372\" alt=\"\" srcset=\"https:\/\/arturbin.es\/wp-content\/uploads\/2025\/11\/AB-HQ-scaled.jpg 2560w, https:\/\/arturbin.es\/wp-content\/uploads\/2025\/11\/AB-HQ-1536x753.jpg 1536w, https:\/\/arturbin.es\/wp-content\/uploads\/2025\/11\/AB-HQ-2048x1004.jpg 2048w\" sizes=\"(max-width: 1024px) 100vw, 1024px\" \/>\t\t\t\t\t\t\t\t\t\t\t\t\t\t\t<\/div>\n\t\t\t\t<div class=\"elementor-element elementor-element-2fa20ea elementor-widget__width-initial elementor-hidden-desktop elementor-hidden-tablet elementor-widget elementor-widget-image\" data-id=\"2fa20ea\" data-element_type=\"widget\" data-e-type=\"widget\" data-widget_type=\"image.default\">\n\t\t\t\t\t\t\t\t\t\t\t\t\t\t\t<img loading=\"lazy\" decoding=\"async\" width=\"1024\" height=\"502\" src=\"https:\/\/arturbin.es\/wp-content\/uploads\/2025\/11\/AB-HQ-scaled.jpg\" class=\"attachment-large size-large wp-image-47372\" alt=\"\" srcset=\"https:\/\/arturbin.es\/wp-content\/uploads\/2025\/11\/AB-HQ-scaled.jpg 2560w, https:\/\/arturbin.es\/wp-content\/uploads\/2025\/11\/AB-HQ-1536x753.jpg 1536w, https:\/\/arturbin.es\/wp-content\/uploads\/2025\/11\/AB-HQ-2048x1004.jpg 2048w\" sizes=\"(max-width: 1024px) 100vw, 1024px\" \/>\t\t\t\t\t\t\t\t\t\t\t\t\t\t\t<\/div>\n\t\t\t\t\t<\/div>\n\t\t\t\t<\/div>\n\t\t\t\t<\/div>","protected":false},"excerpt":{"rendered":"<p>The Story of Artur Bin Realty About Artur Bin Artur Bin Realty was founded in Valencia as a real estate agency focused on results and long-term client relationships. From the beginning, the company grew through real transactions, hands-on experience, and a deep understanding of the market. Operating in a changing environment, the company strengthened its [&hellip;]<\/p>\n","protected":false},"author":1,"featured_media":0,"parent":0,"menu_order":0,"comment_status":"closed","ping_status":"closed","template":"elementor_header_footer","meta":{"_acf_changed":false,"footnotes":""},"class_list":["post-51888","page","type-page","status-publish","hentry"],"acf":[],"_links":{"self":[{"href":"https:\/\/arturbin.es\/es\/wp-json\/wp\/v2\/pages\/51888","targetHints":{"allow":["GET"]}}],"collection":[{"href":"https:\/\/arturbin.es\/es\/wp-json\/wp\/v2\/pages"}],"about":[{"href":"https:\/\/arturbin.es\/es\/wp-json\/wp\/v2\/types\/page"}],"author":[{"embeddable":true,"href":"https:\/\/arturbin.es\/es\/wp-json\/wp\/v2\/users\/1"}],"replies":[{"embeddable":true,"href":"https:\/\/arturbin.es\/es\/wp-json\/wp\/v2\/comments?post=51888"}],"version-history":[{"count":34,"href":"https:\/\/arturbin.es\/es\/wp-json\/wp\/v2\/pages\/51888\/revisions"}],"predecessor-version":[{"id":54001,"href":"https:\/\/arturbin.es\/es\/wp-json\/wp\/v2\/pages\/51888\/revisions\/54001"}],"wp:attachment":[{"href":"https:\/\/arturbin.es\/es\/wp-json\/wp\/v2\/media?parent=51888"}],"curies":[{"name":"wp","href":"https:\/\/api.w.org\/{rel}","templated":true}]}}